{"id":1401,"date":"2025-01-06T13:30:18","date_gmt":"2025-01-06T13:30:18","guid":{"rendered":"https:\/\/cementplantpart.com\/?page_id=1401"},"modified":"2025-01-06T13:31:30","modified_gmt":"2025-01-06T13:31:30","slug":"pecas-de-reposicao-para-fornos-rotativos","status":"publish","type":"page","link":"https:\/\/cementplantpart.com\/pt\/pecas-de-reposicao-para-fornos-rotativos\/","title":{"rendered":"Pe\u00e7as sobressalentes para fornos rotativos - Fornecedor de pe\u00e7as de desgaste da China"},"content":{"rendered":"<div data-elementor-type=\"wp-page\" data-elementor-id=\"1401\" class=\"elementor elementor-1401\" data-elementor-post-type=\"page\">\n\t\t\t\t<div class=\"elementor-element elementor-element-544e052b e-flex e-con-boxed e-con e-parent\" data-id=\"544e052b\" data-element_type=\"container\">\n\t\t\t\t\t<div class=\"e-con-inner\">\n\t\t\t\t<div class=\"elementor-element elementor-element-74007730 elementor-widget elementor-widget-heading\" data-id=\"74007730\" data-element_type=\"widget\" data-widget_type=\"heading.default\">\n\t\t\t\t<div class=\"elementor-widget-container\">\n\t\t\t\t\t<h1 class=\"elementor-heading-title elementor-size-default\">Pe\u00e7as sobressalentes para fornos rotativos<\/h1>\t\t\t\t<\/div>\n\t\t\t\t<\/div>\n\t\t\t\t\t<\/div>\n\t\t\t\t<\/div>\n\t\t<div class=\"elementor-element elementor-element-7c0595e e-flex e-con-boxed e-con e-parent\" data-id=\"7c0595e\" data-element_type=\"container\">\n\t\t\t\t\t<div class=\"e-con-inner\">\n\t\t\t\t<div class=\"elementor-element elementor-element-7a40a61 elementor-widget elementor-widget-text-editor\" data-id=\"7a40a61\" data-element_type=\"widget\" data-widget_type=\"text-editor.default\">\n\t\t\t\t<div class=\"elementor-widget-container\">\n\t\t\t\t\t\t\t\t\t<p>Pe\u00e7as de reposi\u00e7\u00e3o para forno rotativo - fabricante e fornecedor de pe\u00e7as de desgaste de alta qualidade da China<\/p>\t\t\t\t\t\t\t\t<\/div>\n\t\t\t\t<\/div>\n\t\t\t\t\t<\/div>\n\t\t\t\t<\/div>\n\t\t<div class=\"elementor-element elementor-element-279920b8 e-flex e-con-boxed e-con e-parent\" data-id=\"279920b8\" data-element_type=\"container\">\n\t\t\t\t\t<div class=\"e-con-inner\">\n\t\t<div class=\"elementor-element elementor-element-25a4a30c e-con-full e-flex e-con e-child\" data-id=\"25a4a30c\" data-element_type=\"container\">\n\t\t\t\t<div class=\"elementor-element elementor-element-fd0fc3 elementor-widget elementor-widget-image\" data-id=\"fd0fc3\" data-element_type=\"widget\" data-widget_type=\"image.default\">\n\t\t\t\t<div class=\"elementor-widget-container\">\n\t\t\t\t\t\t\t\t\t\t\t\t\t\t\t\t<a href=\"https:\/\/cementplantpart.com\/pt\/revestimento-do-moinho-de-bolas\/\">\n\t\t\t\t\t\t\t<img fetchpriority=\"high\" decoding=\"async\" width=\"768\" height=\"576\" src=\"https:\/\/cementplantpart.com\/wp-content\/uploads\/2025\/01\/kiln-girth-gear-2-768x576.jpg\" class=\"attachment-medium_large size-medium_large wp-image-1390\" alt=\"engrenagem circunferencial do forno 2\" srcset=\"https:\/\/cementplantpart.com\/wp-content\/uploads\/2025\/01\/kiln-girth-gear-2-768x576.jpg 768w, https:\/\/cementplantpart.com\/wp-content\/uploads\/2025\/01\/kiln-girth-gear-2-300x225.jpg 300w, https:\/\/cementplantpart.com\/wp-content\/uploads\/2025\/01\/kiln-girth-gear-2-16x12.jpg 16w, https:\/\/cementplantpart.com\/wp-content\/uploads\/2025\/01\/kiln-girth-gear-2.jpg 800w\" sizes=\"(max-width: 768px) 100vw, 768px\" \/>\t\t\t\t\t\t\t\t<\/a>\n\t\t\t\t\t\t\t\t\t\t\t\t\t\t\t<\/div>\n\t\t\t\t<\/div>\n\t\t\t\t<\/div>\n\t\t<div class=\"elementor-element elementor-element-48ff8062 e-con-full e-flex e-con e-child\" data-id=\"48ff8062\" data-element_type=\"container\">\n\t\t\t\t<div class=\"elementor-element elementor-element-122b5ccc elementor-widget elementor-widget-heading\" data-id=\"122b5ccc\" data-element_type=\"widget\" data-widget_type=\"heading.default\">\n\t\t\t\t<div class=\"elementor-widget-container\">\n\t\t\t\t\t<h2 class=\"elementor-heading-title elementor-size-default\">Engrenagem de cintura do forno rotativo<\/h2>\t\t\t\t<\/div>\n\t\t\t\t<\/div>\n\t\t\t\t<div class=\"elementor-element elementor-element-443b6ecd elementor-widget elementor-widget-text-editor\" data-id=\"443b6ecd\" data-element_type=\"widget\" data-widget_type=\"text-editor.default\">\n\t\t\t\t<div class=\"elementor-widget-container\">\n\t\t\t\t\t\t\t\t\t<ul><li><strong>Op\u00e7\u00f5es de material:<\/strong>\u00a0A\u00e7o fundido, a\u00e7o-liga, a\u00e7o-carbono, a\u00e7o de alta resist\u00eancia<\/li><li><strong>Faixa de di\u00e2metro:<\/strong>\u00a01 metro - 12 metros (personaliz\u00e1vel com base no tamanho do forno)<\/li><li><strong>Perfil do dente:<\/strong>\u00a0Design de dente de profundidade total ou de ponta, dentes helicoidais ou retos<\/li><li><strong>Passo do dente:<\/strong>\u00a010 mm - 200 mm (dependendo dos requisitos da aplica\u00e7\u00e3o)<\/li><li><strong>N\u00famero de dentes:<\/strong>\u00a0Personaliz\u00e1vel com base nos requisitos de aplica\u00e7\u00e3o e carga<\/li><li><strong>Tratamento de superf\u00edcie:<\/strong>\u00a0Endurecido ou tratado com chama para maior resist\u00eancia ao desgaste<\/li><li><strong>Dureza:<\/strong>\u00a050-60 HRC (para aplica\u00e7\u00f5es de alto desgaste)<\/li><\/ul>\t\t\t\t\t\t\t\t<\/div>\n\t\t\t\t<\/div>\n\t\t\t\t<div class=\"elementor-element elementor-element-52beaf9b elementor-widget elementor-widget-button\" data-id=\"52beaf9b\" data-element_type=\"widget\" data-widget_type=\"button.default\">\n\t\t\t\t<div class=\"elementor-widget-container\">\n\t\t\t\t\t\t\t\t\t<div class=\"elementor-button-wrapper\">\n\t\t\t\t\t<a class=\"elementor-button elementor-button-link elementor-size-sm\" href=\"https:\/\/cementplantpart.com\/pt\/pecas-sobressalentes-para-moinhos-de-bolas\/revestimento-do-moinho-de-bolas\/\">\n\t\t\t\t\t\t<span class=\"elementor-button-content-wrapper\">\n\t\t\t\t\t\t\t\t\t<span class=\"elementor-button-text\">Leia mais<\/span>\n\t\t\t\t\t<\/span>\n\t\t\t\t\t<\/a>\n\t\t\t\t<\/div>\n\t\t\t\t\t\t\t\t<\/div>\n\t\t\t\t<\/div>\n\t\t\t\t<\/div>\n\t\t\t\t\t<\/div>\n\t\t\t\t<\/div>\n\t\t<div class=\"elementor-element elementor-element-112ce35e e-flex e-con-boxed e-con e-parent\" data-id=\"112ce35e\" data-element_type=\"container\">\n\t\t\t\t\t<div class=\"e-con-inner\">\n\t\t\t\t<div class=\"elementor-element elementor-element-5ec0275 elementor-widget-divider--view-line elementor-widget elementor-widget-divider\" data-id=\"5ec0275\" data-element_type=\"widget\" data-widget_type=\"divider.default\">\n\t\t\t\t<div class=\"elementor-widget-container\">\n\t\t\t\t\t\t\t<div class=\"elementor-divider\">\n\t\t\t<span class=\"elementor-divider-separator\">\n\t\t\t\t\t\t<\/span>\n\t\t<\/div>\n\t\t\t\t\t\t<\/div>\n\t\t\t\t<\/div>\n\t\t\t\t\t<\/div>\n\t\t\t\t<\/div>\n\t\t<div class=\"elementor-element elementor-element-30184bc9 e-flex e-con-boxed e-con e-parent\" data-id=\"30184bc9\" data-element_type=\"container\">\n\t\t\t\t\t<div class=\"e-con-inner\">\n\t\t<div class=\"elementor-element elementor-element-83a097f e-con-full e-flex e-con e-child\" data-id=\"83a097f\" data-element_type=\"container\">\n\t\t\t\t<div class=\"elementor-element elementor-element-5568e8f7 elementor-widget elementor-widget-image\" data-id=\"5568e8f7\" data-element_type=\"widget\" data-widget_type=\"image.default\">\n\t\t\t\t<div class=\"elementor-widget-container\">\n\t\t\t\t\t\t\t\t\t\t\t\t\t\t\t\t<a href=\"https:\/\/cementplantpart.com\/pt\/pecas-sobressalentes-para-moinhos-de-bolas\/diafragma-de-moinho-de-bolas\/\">\n\t\t\t\t\t\t\t<img decoding=\"async\" width=\"500\" height=\"375\" src=\"https:\/\/cementplantpart.com\/wp-content\/uploads\/2024\/12\/kiln-tyre.jpg\" class=\"attachment-medium_large size-medium_large wp-image-149\" alt=\"pneu de forno para f\u00e1brica de cimento\" srcset=\"https:\/\/cementplantpart.com\/wp-content\/uploads\/2024\/12\/kiln-tyre.jpg 500w, https:\/\/cementplantpart.com\/wp-content\/uploads\/2024\/12\/kiln-tyre-300x225.jpg 300w\" sizes=\"(max-width: 500px) 100vw, 500px\" \/>\t\t\t\t\t\t\t\t<\/a>\n\t\t\t\t\t\t\t\t\t\t\t\t\t\t\t<\/div>\n\t\t\t\t<\/div>\n\t\t\t\t<\/div>\n\t\t<div class=\"elementor-element elementor-element-598ffd8e e-con-full e-flex e-con e-child\" data-id=\"598ffd8e\" data-element_type=\"container\">\n\t\t\t\t<div class=\"elementor-element elementor-element-77e72764 elementor-widget elementor-widget-heading\" data-id=\"77e72764\" data-element_type=\"widget\" data-widget_type=\"heading.default\">\n\t\t\t\t<div class=\"elementor-widget-container\">\n\t\t\t\t\t<h2 class=\"elementor-heading-title elementor-size-default\">Pneu para forno rotativo<\/h2>\t\t\t\t<\/div>\n\t\t\t\t<\/div>\n\t\t\t\t<div class=\"elementor-element elementor-element-7a6bf679 elementor-widget elementor-widget-text-editor\" data-id=\"7a6bf679\" data-element_type=\"widget\" data-widget_type=\"text-editor.default\">\n\t\t\t\t<div class=\"elementor-widget-container\">\n\t\t\t\t\t\t\t\t\t<ul><li><strong>Material:<\/strong> A\u00e7o com alto teor de mangan\u00eas (Mn13, Mn18Cr2), ferro fundido com alto teor de cromo (Cr15, Cr20, Cr26), a\u00e7o de liga (ZG40CrMo, ZG45Mn)<\/li><li><strong>Dureza:<\/strong> 45-65 HRC (escala de dureza Rockwell)<\/li><li><strong>Peso:<\/strong> 5 kg - 500 kg (personalizado de acordo com o tamanho e o projeto do moinho)<\/li><li><strong>Aplicativos:<\/strong> Ind\u00fastria de cimento (para mat\u00e9ria-prima e moagem de cl\u00ednquer), Ind\u00fastria de minera\u00e7\u00e3o (moagem de min\u00e9rio e minerais), Usinas de energia (moinhos de carv\u00e3o), Ind\u00fastria qu\u00edmica (moagem de material qu\u00edmico), Ind\u00fastria metal\u00fargica (extra\u00e7\u00e3o de metal)<\/li><li><strong>Personaliz\u00e1vel:<\/strong> Sim, os revestimentos podem ser personalizados em termos de tamanho, composi\u00e7\u00e3o do material e design para atender \u00e0s necessidades espec\u00edficas do cliente.<\/li><li>\u00a0<\/li><\/ul>\t\t\t\t\t\t\t\t<\/div>\n\t\t\t\t<\/div>\n\t\t\t\t<div class=\"elementor-element elementor-element-58e294eb elementor-widget elementor-widget-button\" data-id=\"58e294eb\" data-element_type=\"widget\" data-widget_type=\"button.default\">\n\t\t\t\t<div class=\"elementor-widget-container\">\n\t\t\t\t\t\t\t\t\t<div class=\"elementor-button-wrapper\">\n\t\t\t\t\t<a class=\"elementor-button elementor-button-link elementor-size-sm\" href=\"https:\/\/cementplantpart.com\/pt\/pecas-sobressalentes-para-moinhos-de-bolas\/diafragma-de-moinho-de-bolas\/\">\n\t\t\t\t\t\t<span class=\"elementor-button-content-wrapper\">\n\t\t\t\t\t\t\t\t\t<span class=\"elementor-button-text\">Leia mais<\/span>\n\t\t\t\t\t<\/span>\n\t\t\t\t\t<\/a>\n\t\t\t\t<\/div>\n\t\t\t\t\t\t\t\t<\/div>\n\t\t\t\t<\/div>\n\t\t\t\t<\/div>\n\t\t\t\t\t<\/div>\n\t\t\t\t<\/div>\n\t\t<div class=\"elementor-element elementor-element-33a90e34 e-flex e-con-boxed e-con e-parent\" data-id=\"33a90e34\" data-element_type=\"container\">\n\t\t\t\t\t<div class=\"e-con-inner\">\n\t\t\t\t<div class=\"elementor-element elementor-element-29bc0dfd elementor-widget-divider--view-line elementor-widget elementor-widget-divider\" data-id=\"29bc0dfd\" data-element_type=\"widget\" data-widget_type=\"divider.default\">\n\t\t\t\t<div class=\"elementor-widget-container\">\n\t\t\t\t\t\t\t<div class=\"elementor-divider\">\n\t\t\t<span class=\"elementor-divider-separator\">\n\t\t\t\t\t\t<\/span>\n\t\t<\/div>\n\t\t\t\t\t\t<\/div>\n\t\t\t\t<\/div>\n\t\t\t\t\t<\/div>\n\t\t\t\t<\/div>\n\t\t\t\t<\/div>","protected":false},"excerpt":{"rendered":"<p>Rotary Kiln Spare Parts Rotary Kiln spare parts &#8211; high quality wear parts manufacturer &amp; supplier from China Rotary Kiln [&hellip;]<\/p>","protected":false},"author":1,"featured_media":0,"parent":0,"menu_order":0,"comment_status":"closed","ping_status":"closed","template":"","meta":{"site-sidebar-layout":"no-sidebar","site-content-layout":"","ast-site-content-layout":"full-width-container","site-content-style":"default","site-sidebar-style":"default","ast-global-header-display":"","ast-banner-title-visibility":"","ast-main-header-display":"","ast-hfb-above-header-display":"","ast-hfb-below-header-display":"","ast-hfb-mobile-header-display":"","site-post-title":"disabled","ast-breadcrumbs-content":"","ast-featured-img":"disabled","footer-sml-layout":"","theme-transparent-header-meta":"","adv-header-id-meta":"","stick-header-meta":"","header-above-stick-meta":"","header-main-stick-meta":"","header-below-stick-meta":"","astra-migrate-meta-layouts":"default","ast-page-background-enabled":"default","ast-page-background-meta":{"desktop":{"background-color":"var(--ast-global-color-4)","background-image":"","background-repeat":"repeat","background-position":"center center","background-size":"auto","background-attachment":"scroll","background-type":"","background-media":"","overlay-type":"","overlay-color":"","overlay-opacity":"","overlay-gradient":""},"tablet":{"background-color":"","background-image":"","background-repeat":"repeat","background-position":"center center","background-size":"auto","background-attachment":"scroll","background-type":"","background-media":"","overlay-type":"","overlay-color":"","overlay-opacity":"","overlay-gradient":""},"mobile":{"background-color":"","background-image":"","background-repeat":"repeat","background-position":"center center","background-size":"auto","background-attachment":"scroll","background-type":"","background-media":"","overlay-type":"","overlay-color":"","overlay-opacity":"","overlay-gradient":""}},"ast-content-background-meta":{"desktop":{"background-color":"var(--ast-global-color-5)","background-image":"","background-repeat":"repeat","background-position":"center center","background-size":"auto","background-attachment":"scroll","background-type":"","background-media":"","overlay-type":"","overlay-color":"","overlay-opacity":"","overlay-gradient":""},"tablet":{"background-color":"var(--ast-global-color-5)","background-image":"","background-repeat":"repeat","background-position":"center center","background-size":"auto","background-attachment":"scroll","background-type":"","background-media":"","overlay-type":"","overlay-color":"","overlay-opacity":"","overlay-gradient":""},"mobile":{"background-color":"var(--ast-global-color-5)","background-image":"","background-repeat":"repeat","background-position":"center center","background-size":"auto","background-attachment":"scroll","background-type":"","background-media":"","overlay-type":"","overlay-color":"","overlay-opacity":"","overlay-gradient":""}},"footnotes":""},"class_list":["post-1401","page","type-page","status-publish","hentry"],"yoast_head":"<!-- This site is optimized with the Yoast SEO Premium plugin v24.0 (Yoast SEO v25.2) - https:\/\/yoast.com\/wordpress\/plugins\/seo\/ -->\n<title>Rotary Kiln Spare Parts - Wear Parts Supplier from China<\/title>\n<meta name=\"description\" content=\"we are rotary kiln spare parts supplier from china. Professional wear parts manufacturer for cement plant, provide high quality wear parts.\" \/>\n<meta name=\"robots\" content=\"index, follow, max-snippet:-1, max-image-preview:large, max-video-preview:-1\" \/>\n<link rel=\"canonical\" href=\"https:\/\/cementplantpart.com\/pt\/pecas-de-reposicao-para-fornos-rotativos\/\" \/>\n<meta property=\"og:locale\" content=\"pt_BR\" \/>\n<meta property=\"og:type\" content=\"article\" \/>\n<meta property=\"og:title\" content=\"Rotary Kiln Spare Parts - Wear Parts Supplier from China\" \/>\n<meta property=\"og:description\" content=\"we are rotary kiln spare parts supplier from china. Professional wear parts manufacturer for cement plant, provide high quality wear parts.\" \/>\n<meta property=\"og:url\" content=\"https:\/\/cementplantpart.com\/pt\/pecas-de-reposicao-para-fornos-rotativos\/\" \/>\n<meta property=\"og:site_name\" content=\"ECONE\" \/>\n<meta property=\"article:modified_time\" content=\"2025-01-06T13:31:30+00:00\" \/>\n<meta property=\"og:image\" content=\"https:\/\/cementplantpart.com\/wp-content\/uploads\/2025\/01\/kiln-girth-gear-2.jpg\" \/>\n\t<meta property=\"og:image:width\" content=\"800\" \/>\n\t<meta property=\"og:image:height\" content=\"600\" \/>\n\t<meta property=\"og:image:type\" content=\"image\/jpeg\" \/>\n<meta name=\"twitter:card\" content=\"summary_large_image\" \/>\n<meta name=\"twitter:label1\" content=\"Est. tempo de leitura\" \/>\n\t<meta name=\"twitter:data1\" content=\"2 minutos\" \/>\n<script type=\"application\/ld+json\" class=\"yoast-schema-graph\">{\"@context\":\"https:\/\/schema.org\",\"@graph\":[{\"@type\":\"TechArticle\",\"@id\":\"https:\/\/cementplantpart.com\/rotary-kiln-spare-parts\/#article\",\"isPartOf\":{\"@id\":\"https:\/\/cementplantpart.com\/rotary-kiln-spare-parts\/\"},\"author\":{\"name\":\"Econe Cement\",\"@id\":\"https:\/\/cementplantpart.com\/#\/schema\/person\/71088a8e264975e846e1bda10fafee76\"},\"headline\":\"Rotary Kiln Spare Parts &#8211; Wear Parts Supplier from China\",\"datePublished\":\"2025-01-06T13:30:18+00:00\",\"dateModified\":\"2025-01-06T13:31:30+00:00\",\"mainEntityOfPage\":{\"@id\":\"https:\/\/cementplantpart.com\/rotary-kiln-spare-parts\/\"},\"wordCount\":186,\"publisher\":{\"@id\":\"https:\/\/cementplantpart.com\/#organization\"},\"image\":{\"@id\":\"https:\/\/cementplantpart.com\/rotary-kiln-spare-parts\/#primaryimage\"},\"thumbnailUrl\":\"https:\/\/cementplantpart.com\/wp-content\/uploads\/2025\/01\/kiln-girth-gear-2-768x576.jpg\",\"inLanguage\":\"pt-BR\"},{\"@type\":[\"WebPage\",\"ItemPage\"],\"@id\":\"https:\/\/cementplantpart.com\/rotary-kiln-spare-parts\/\",\"url\":\"https:\/\/cementplantpart.com\/rotary-kiln-spare-parts\/\",\"name\":\"Rotary Kiln Spare Parts - Wear Parts Supplier from China\",\"isPartOf\":{\"@id\":\"https:\/\/cementplantpart.com\/#website\"},\"primaryImageOfPage\":{\"@id\":\"https:\/\/cementplantpart.com\/rotary-kiln-spare-parts\/#primaryimage\"},\"image\":{\"@id\":\"https:\/\/cementplantpart.com\/rotary-kiln-spare-parts\/#primaryimage\"},\"thumbnailUrl\":\"https:\/\/cementplantpart.com\/wp-content\/uploads\/2025\/01\/kiln-girth-gear-2-768x576.jpg\",\"datePublished\":\"2025-01-06T13:30:18+00:00\",\"dateModified\":\"2025-01-06T13:31:30+00:00\",\"description\":\"we are rotary kiln spare parts supplier from china. Professional wear parts manufacturer for cement plant, provide high quality wear parts.\",\"breadcrumb\":{\"@id\":\"https:\/\/cementplantpart.com\/rotary-kiln-spare-parts\/#breadcrumb\"},\"inLanguage\":\"pt-BR\",\"potentialAction\":[{\"@type\":\"ReadAction\",\"target\":[\"https:\/\/cementplantpart.com\/rotary-kiln-spare-parts\/\"]}]},{\"@type\":\"ImageObject\",\"inLanguage\":\"pt-BR\",\"@id\":\"https:\/\/cementplantpart.com\/rotary-kiln-spare-parts\/#primaryimage\",\"url\":\"https:\/\/cementplantpart.com\/wp-content\/uploads\/2025\/01\/kiln-girth-gear-2-768x576.jpg\",\"contentUrl\":\"https:\/\/cementplantpart.com\/wp-content\/uploads\/2025\/01\/kiln-girth-gear-2-768x576.jpg\"},{\"@type\":\"BreadcrumbList\",\"@id\":\"https:\/\/cementplantpart.com\/rotary-kiln-spare-parts\/#breadcrumb\",\"itemListElement\":[{\"@type\":\"ListItem\",\"position\":1,\"name\":\"\u9996\u9875\",\"item\":\"https:\/\/cementplantpart.com\/\"},{\"@type\":\"ListItem\",\"position\":2,\"name\":\"Rotary Kiln Spare Parts &#8211; Wear Parts Supplier from China\"}]},{\"@type\":\"WebSite\",\"@id\":\"https:\/\/cementplantpart.com\/#website\",\"url\":\"https:\/\/cementplantpart.com\/\",\"name\":\"ECONE Wear Parts Supplier\",\"description\":\"Spare Part Supplier\",\"publisher\":{\"@id\":\"https:\/\/cementplantpart.com\/#organization\"},\"alternateName\":\"ECONE Wear Parts\",\"potentialAction\":[{\"@type\":\"SearchAction\",\"target\":{\"@type\":\"EntryPoint\",\"urlTemplate\":\"https:\/\/cementplantpart.com\/?s={search_term_string}\"},\"query-input\":{\"@type\":\"PropertyValueSpecification\",\"valueRequired\":true,\"valueName\":\"search_term_string\"}}],\"inLanguage\":\"pt-BR\"},{\"@type\":\"Organization\",\"@id\":\"https:\/\/cementplantpart.com\/#organization\",\"name\":\"ECONE CEMENT\",\"url\":\"https:\/\/cementplantpart.com\/\",\"logo\":{\"@type\":\"ImageObject\",\"inLanguage\":\"pt-BR\",\"@id\":\"https:\/\/cementplantpart.com\/#\/schema\/logo\/image\/\",\"url\":\"https:\/\/cementplantpart.com\/wp-content\/uploads\/2025\/03\/cropped-ECONE-CEMENT.jpg\",\"contentUrl\":\"https:\/\/cementplantpart.com\/wp-content\/uploads\/2025\/03\/cropped-ECONE-CEMENT.jpg\",\"width\":512,\"height\":512,\"caption\":\"ECONE CEMENT\"},\"image\":{\"@id\":\"https:\/\/cementplantpart.com\/#\/schema\/logo\/image\/\"}},{\"@type\":\"Person\",\"@id\":\"https:\/\/cementplantpart.com\/#\/schema\/person\/71088a8e264975e846e1bda10fafee76\",\"name\":\"Econe Cement\",\"image\":{\"@type\":\"ImageObject\",\"inLanguage\":\"pt-BR\",\"@id\":\"https:\/\/cementplantpart.com\/#\/schema\/person\/image\/\",\"url\":\"https:\/\/cementplantpart.com\/wp-content\/litespeed\/avatar\/39397f292658fe793b9a47524fb659c9.jpg?ver=1775300943\",\"contentUrl\":\"https:\/\/cementplantpart.com\/wp-content\/litespeed\/avatar\/39397f292658fe793b9a47524fb659c9.jpg?ver=1775300943\",\"caption\":\"Econe Cement\"},\"sameAs\":[\"http:\/\/cementplantpart.com\"],\"url\":\"https:\/\/cementplantpart.com\/pt\/author\/ljj282914gmail-com\/\"}]}<\/script>\n<!-- \/ Yoast SEO Premium plugin. -->","yoast_head_json":{"title":"Pe\u00e7as sobressalentes para fornos rotativos - Fornecedor de pe\u00e7as de desgaste da China","description":"Somos um fornecedor de pe\u00e7as sobressalentes para fornos rotativos da China. Fabricante profissional de pe\u00e7as de desgaste para f\u00e1bricas de cimento, fornecendo pe\u00e7as de desgaste de alta qualidade.","robots":{"index":"index","follow":"follow","max-snippet":"max-snippet:-1","max-image-preview":"max-image-preview:large","max-video-preview":"max-video-preview:-1"},"canonical":"https:\/\/cementplantpart.com\/pt\/pecas-de-reposicao-para-fornos-rotativos\/","og_locale":"pt_BR","og_type":"article","og_title":"Rotary Kiln Spare Parts - Wear Parts Supplier from China","og_description":"we are rotary kiln spare parts supplier from china. Professional wear parts manufacturer for cement plant, provide high quality wear parts.","og_url":"https:\/\/cementplantpart.com\/pt\/pecas-de-reposicao-para-fornos-rotativos\/","og_site_name":"ECONE","article_modified_time":"2025-01-06T13:31:30+00:00","og_image":[{"width":800,"height":600,"url":"https:\/\/cementplantpart.com\/wp-content\/uploads\/2025\/01\/kiln-girth-gear-2.jpg","type":"image\/jpeg"}],"twitter_card":"summary_large_image","twitter_misc":{"Est. tempo de leitura":"2 minutos"},"schema":{"@context":"https:\/\/schema.org","@graph":[{"@type":"TechArticle","@id":"https:\/\/cementplantpart.com\/rotary-kiln-spare-parts\/#article","isPartOf":{"@id":"https:\/\/cementplantpart.com\/rotary-kiln-spare-parts\/"},"author":{"name":"Econe Cement","@id":"https:\/\/cementplantpart.com\/#\/schema\/person\/71088a8e264975e846e1bda10fafee76"},"headline":"Rotary Kiln Spare Parts &#8211; Wear Parts Supplier from China","datePublished":"2025-01-06T13:30:18+00:00","dateModified":"2025-01-06T13:31:30+00:00","mainEntityOfPage":{"@id":"https:\/\/cementplantpart.com\/rotary-kiln-spare-parts\/"},"wordCount":186,"publisher":{"@id":"https:\/\/cementplantpart.com\/#organization"},"image":{"@id":"https:\/\/cementplantpart.com\/rotary-kiln-spare-parts\/#primaryimage"},"thumbnailUrl":"https:\/\/cementplantpart.com\/wp-content\/uploads\/2025\/01\/kiln-girth-gear-2-768x576.jpg","inLanguage":"pt-BR"},{"@type":["WebPage","ItemPage"],"@id":"https:\/\/cementplantpart.com\/rotary-kiln-spare-parts\/","url":"https:\/\/cementplantpart.com\/rotary-kiln-spare-parts\/","name":"Pe\u00e7as sobressalentes para fornos rotativos - Fornecedor de pe\u00e7as de desgaste da China","isPartOf":{"@id":"https:\/\/cementplantpart.com\/#website"},"primaryImageOfPage":{"@id":"https:\/\/cementplantpart.com\/rotary-kiln-spare-parts\/#primaryimage"},"image":{"@id":"https:\/\/cementplantpart.com\/rotary-kiln-spare-parts\/#primaryimage"},"thumbnailUrl":"https:\/\/cementplantpart.com\/wp-content\/uploads\/2025\/01\/kiln-girth-gear-2-768x576.jpg","datePublished":"2025-01-06T13:30:18+00:00","dateModified":"2025-01-06T13:31:30+00:00","description":"Somos um fornecedor de pe\u00e7as sobressalentes para fornos rotativos da China. Fabricante profissional de pe\u00e7as de desgaste para f\u00e1bricas de cimento, fornecendo pe\u00e7as de desgaste de alta qualidade.","breadcrumb":{"@id":"https:\/\/cementplantpart.com\/rotary-kiln-spare-parts\/#breadcrumb"},"inLanguage":"pt-BR","potentialAction":[{"@type":"ReadAction","target":["https:\/\/cementplantpart.com\/rotary-kiln-spare-parts\/"]}]},{"@type":"ImageObject","inLanguage":"pt-BR","@id":"https:\/\/cementplantpart.com\/rotary-kiln-spare-parts\/#primaryimage","url":"https:\/\/cementplantpart.com\/wp-content\/uploads\/2025\/01\/kiln-girth-gear-2-768x576.jpg","contentUrl":"https:\/\/cementplantpart.com\/wp-content\/uploads\/2025\/01\/kiln-girth-gear-2-768x576.jpg"},{"@type":"BreadcrumbList","@id":"https:\/\/cementplantpart.com\/rotary-kiln-spare-parts\/#breadcrumb","itemListElement":[{"@type":"ListItem","position":1,"name":"\u9996\u9875","item":"https:\/\/cementplantpart.com\/"},{"@type":"ListItem","position":2,"name":"Rotary Kiln Spare Parts &#8211; Wear Parts Supplier from China"}]},{"@type":"WebSite","@id":"https:\/\/cementplantpart.com\/#website","url":"https:\/\/cementplantpart.com\/","name":"Fornecedor de pe\u00e7as de desgaste da ECONE","description":"Fornecedor de pe\u00e7as de reposi\u00e7\u00e3o","publisher":{"@id":"https:\/\/cementplantpart.com\/#organization"},"alternateName":"ECONE Wear Parts","potentialAction":[{"@type":"SearchAction","target":{"@type":"EntryPoint","urlTemplate":"https:\/\/cementplantpart.com\/?s={search_term_string}"},"query-input":{"@type":"PropertyValueSpecification","valueRequired":true,"valueName":"search_term_string"}}],"inLanguage":"pt-BR"},{"@type":"Organization","@id":"https:\/\/cementplantpart.com\/#organization","name":"CIMENTO ECONE","url":"https:\/\/cementplantpart.com\/","logo":{"@type":"ImageObject","inLanguage":"pt-BR","@id":"https:\/\/cementplantpart.com\/#\/schema\/logo\/image\/","url":"https:\/\/cementplantpart.com\/wp-content\/uploads\/2025\/03\/cropped-ECONE-CEMENT.jpg","contentUrl":"https:\/\/cementplantpart.com\/wp-content\/uploads\/2025\/03\/cropped-ECONE-CEMENT.jpg","width":512,"height":512,"caption":"ECONE CEMENT"},"image":{"@id":"https:\/\/cementplantpart.com\/#\/schema\/logo\/image\/"}},{"@type":"Person","@id":"https:\/\/cementplantpart.com\/#\/schema\/person\/71088a8e264975e846e1bda10fafee76","name":"Cimento Econe","image":{"@type":"ImageObject","inLanguage":"pt-BR","@id":"https:\/\/cementplantpart.com\/#\/schema\/person\/image\/","url":"https:\/\/cementplantpart.com\/wp-content\/litespeed\/avatar\/39397f292658fe793b9a47524fb659c9.jpg?ver=1775300943","contentUrl":"https:\/\/cementplantpart.com\/wp-content\/litespeed\/avatar\/39397f292658fe793b9a47524fb659c9.jpg?ver=1775300943","caption":"Econe Cement"},"sameAs":["http:\/\/cementplantpart.com"],"url":"https:\/\/cementplantpart.com\/pt\/author\/ljj282914gmail-com\/"}]}},"_links":{"self":[{"href":"https:\/\/cementplantpart.com\/pt\/wp-json\/wp\/v2\/pages\/1401","targetHints":{"allow":["GET"]}}],"collection":[{"href":"https:\/\/cementplantpart.com\/pt\/wp-json\/wp\/v2\/pages"}],"about":[{"href":"https:\/\/cementplantpart.com\/pt\/wp-json\/wp\/v2\/types\/page"}],"author":[{"embeddable":true,"href":"https:\/\/cementplantpart.com\/pt\/wp-json\/wp\/v2\/users\/1"}],"replies":[{"embeddable":true,"href":"https:\/\/cementplantpart.com\/pt\/wp-json\/wp\/v2\/comments?post=1401"}],"version-history":[{"count":7,"href":"https:\/\/cementplantpart.com\/pt\/wp-json\/wp\/v2\/pages\/1401\/revisions"}],"predecessor-version":[{"id":1408,"href":"https:\/\/cementplantpart.com\/pt\/wp-json\/wp\/v2\/pages\/1401\/revisions\/1408"}],"wp:attachment":[{"href":"https:\/\/cementplantpart.com\/pt\/wp-json\/wp\/v2\/media?parent=1401"}],"curies":[{"name":"wp","href":"https:\/\/api.w.org\/{rel}","templated":true}]}}